{"id":364,"date":"2025-10-24T00:05:00","date_gmt":"2025-10-24T00:05:00","guid":{"rendered":"https:\/\/montenegrinamci.me\/?page_id=364"},"modified":"2026-05-01T11:07:06","modified_gmt":"2026-05-01T11:07:06","slug":"edukacije","status":"publish","type":"page","link":"https:\/\/anti-doping.me\/mne\/edukacije\/","title":{"rendered":"Edukacije"},"content":{"rendered":"<div class=\"brz brz-root__container brz-reset-all brz-root__container-page\">\n<section id=\"yHAZrvQiEG8X_yHAZrvQiEG8X\" class=\"brz-section brz-css-d-section brz-css-13nhrzd\">\n<div class=\"brz-section__content brz-section--boxed brz-css-d-sectionitem-bg brz-css-w1qbmu\" data-brz-custom-id=\"dls904Qt9_fX\">\n<div class=\"brz-bg\">\n<div class=\"brz-bg-image\"><\/div>\n<div class=\"brz-bg-color\"><\/div>\n<\/div>\n<div class=\"brz-container brz-css-d-sectionitem-container brz-css-4pebnc\">\n<div id=\"\" class=\"brz-css-d-wrapper brz-css-12qkr brz-wrapper\">\n<div class=\"brz-rich-text brz-rich-text__custom brz-css-d-richtext brz-css-63lc9j\" data-brz-custom-id=\"xp_TIoaT5FlN\">\n<div data-brz-translate-text=\"1\">\n<p class=\"brz-tp-lg-empty brz-ff-montserrat brz-ft-google brz-fs-lg-40 brz-fss-lg-px brz-fw-lg-300 brz-ls-lg-0 brz-lh-lg-1_7 brz-vfw-lg-400 brz-fwdth-lg-100 brz-fsft-lg-0 brz-css-mXyFA\" data-uniq-id=\"n7B7g\" data-generated-css=\"brz-css-zJBAy\"><span class=\"brz-cp-color3\">Edukacija<\/span><\/p>\n<\/div>\n<\/div>\n<\/div>\n<\/div>\n<\/div>\n<\/section>\n<section id=\"q_erj1XaYJAr_q_erj1XaYJAr\" class=\"brz-section brz-css-d-section brz-css-17kotb5\">\n<div class=\"brz-section__content brz-section--boxed brz-css-d-sectionitem-bg brz-css-yo7lf\" data-brz-custom-id=\"nChudgCQV6yT\">\n<div class=\"brz-bg\">\n<div class=\"brz-bg-color\"><\/div>\n<\/div>\n<div class=\"brz-container brz-css-d-sectionitem-container brz-css-1frt0gx\">\n<div id=\"\" class=\"brz-css-d-wrapper brz-css-pu70qj brz-wrapper\">\n<div class=\"brz-rich-text brz-rich-text__custom brz-css-d-richtext brz-css-18t4iz0\" data-brz-custom-id=\"gPMbwsoD1N4C\">\n<div data-brz-translate-text=\"1\">\n<p class=\"brz-ft-google brz-fs-lg-18 brz-fss-lg-px brz-fw-lg-400 brz-ls-lg-0 brz-lh-lg-1_7 brz-vfw-lg-400 brz-fwdth-lg-100 brz-fsft-lg-0 brz-tp-lg-empty brz-ff-montserrat brz-css-prKzv\" data-uniq-id=\"cjCkX\" data-generated-css=\"brz-css-ojQCe\"><span class=\"brz-cp-color2\">U&nbsp;cilju za\u0161tite \u010distog sporta, za\u0161tite zdravlja sportista i njihovog integriteta, edukacija ima esencijalnu ulogu. Preventivni zna\u010daj edukacije u odnosu na ka\u017enjavanje nakon kr\u0161enja antidoping pravila je nesumnjiv. Eti\u010dka komponenta antidoping aktivnosti \u010dini edukativne aktivnosti jo\u0161 zna\u010dajnijim. Ciljne grupe mogu biti predstavnici sportskih saveza, sportisti {me\u0111unarodnog i nacionalnog nivoa}, sportisti RTG, \u010dlanovi prate\u0107ih medicinskih timova, doping kontrolori, studenti, u\u010denici osnovnih i srednjih \u0161kola, predstavnici medija, i mnogi drugi, kojima se kroz edukativne aktivnosti pribli\u017eava zna\u010daj antidopinga.<\/span><\/p>\n<p class=\"brz-ft-google brz-fs-lg-18 brz-fss-lg-px brz-fw-lg-400 brz-ls-lg-0 brz-lh-lg-1_7 brz-vfw-lg-400 brz-fwdth-lg-100 brz-fsft-lg-0 brz-tp-lg-empty brz-ff-montserrat brz-css-gZUq0\" data-uniq-id=\"bBoUm\" data-generated-css=\"brz-css-zMulI\"><span class=\"brz-cp-color2\">Postoji mnogo na\u010dina edukacije, osim klasi\u010dnih predavanja \u2013 mo\u017eemo se i sami edukovati, koriste\u0107i relevantne antidoping internet stranice, e-learning opcije, aplikacije na mobilnim telefonima.<\/span><\/p>\n<\/div>\n<\/div>\n<\/div>\n<div id=\"\" class=\"brz-css-d-wrapper brz-css-r-wrapper brz-css-l85y3n brz-wrapper\">\n<div class=\"brz-spacer brz-css-d-spacer brz-css-21wcr8\"><\/div>\n<\/div>\n<div class=\"brz-row__container brz-css-d-row-row brz-css-1ju6ztf\" data-brz-custom-id=\"hYCeHYHKmv2e\">\n<div class=\"brz-row brz-css-d-row-container brz-css-19u1kbx\">\n<div class=\"brz-columns brz-css-d-column-column brz-css-rlezqj\" data-brz-custom-id=\"wz1lhUQiA1FH\">\n<div class=\"brz-column__items brz-css-d-column-bg brz-css-wwimlh\">\n<div id=\"\" class=\"brz-css-d-wrapper brz-css-15ma9ob brz-wrapper\">\n<div class=\"brz-image brz-css-d-image-up4ffd1dxppy-parent brz-css-16pldei\" data-brz-custom-id=\"up4Ffd1DxPPY\"><img decoding=\"async\" class=\"brz-img\" src=\"https:\/\/anti-doping.me\/mne\/?brizy_media=wp-ec86aeefbb60e0dba473506300393441.jpg&amp;brizy_crop=original\" loading=\"lazy\" title=\"\"><\/div>\n<\/div>\n<div id=\"\" class=\"brz-css-d-wrapper brz-css-14nnjxt brz-wrapper\">\n<div class=\"brz-rich-text brz-rich-text__custom brz-css-d-richtext brz-css-ylnlxr\" data-brz-custom-id=\"rOaQlEPGRK7T\">\n<div data-brz-translate-text=\"1\">\n<p class=\"brz-text-lg-center brz-tp-lg-empty brz-ff-montserrat brz-ft-google brz-fs-lg-20 brz-fss-lg-px brz-fw-lg-400 brz-ls-lg-0 brz-lh-lg-1_7 brz-vfw-lg-400 brz-fwdth-lg-100 brz-fsft-lg-0 brz-css-mIpVJ\" data-generated-css=\"brz-css-xrFuc\" data-uniq-id=\"adxM_\"><span class=\"brz-cp-color3 brz-span\">Edukativne aktivnosti komisije<\/span><\/p>\n<\/div>\n<\/div>\n<\/div>\n<\/div>\n<\/div>\n<div class=\"brz-columns brz-css-d-column-column brz-css-8i4k4n\" data-brz-custom-id=\"g8h1xWpGt_Nb\">\n<div class=\"brz-column__items brz-css-d-column-bg brz-css-k6vwok\">\n<div id=\"\" class=\"brz-css-d-wrapper brz-css-zyo6e1 brz-wrapper\">\n<div class=\"brz-image brz-css-d-image-k2ovvjahhpu6-parent brz-css-11vhy5v\" data-brz-custom-id=\"k2ovVjaHhpU6\"><img decoding=\"async\" class=\"brz-img\" src=\"https:\/\/anti-doping.me\/mne\/?brizy_media=wp-e051feca8f74769bfd00e2ccedbab0fc.webp&amp;brizy_crop=iW%3D212%26iH%3D212%26oX%3D0%26oY%3D0%26cW%3D212%26cH%3D212\" loading=\"lazy\" title=\"\"><\/div>\n<\/div>\n<div id=\"\" class=\"brz-css-d-wrapper brz-css-1akgve2 brz-wrapper\">\n<div class=\"brz-rich-text brz-rich-text__custom brz-css-d-richtext brz-css-1rwlawh\" data-brz-custom-id=\"p_SIMZ5IKC1B\">\n<div data-brz-translate-text=\"1\">\n<p class=\"brz-text-lg-center brz-ft-google brz-fs-lg-20 brz-fss-lg-px brz-fw-lg-400 brz-ls-lg-0 brz-lh-lg-1_7 brz-vfw-lg-400 brz-fwdth-lg-100 brz-fsft-lg-0 brz-tp-lg-empty brz-ff-montserrat brz-css-ttM4u\" data-generated-css=\"brz-css-hSZhm\" data-uniq-id=\"kpXYq\"><span class=\"brz-cp-color3\">WADA antidoping platforma za e-u\u010denje<\/span><\/p>\n<p class=\"brz-fsft-lg-0 brz-fwdth-lg-100 brz-vfw-lg-400 brz-lh-lg-1_7 brz-ls-lg-0 brz-fw-lg-300 brz-fss-lg-px brz-fs-lg-25 brz-ft-google brz-ff-teko brz-tp-lg-empty brz-css-rFu6e\" data-generated-css=\"brz-css-zmVqg\" data-uniq-id=\"l9Gu_\"><\/p>\n<\/div>\n<\/div>\n<\/div>\n<\/div>\n<p><a class=\"brz-a brz-container-link\" target=\"_self\" rel=\"noopener\" href=\"https:\/\/anti-doping.me\/wada-antidoping-platforma-za-e-ucenje\/\" data-brz-link-type=\"page\"><\/a><\/div>\n<div class=\"brz-columns brz-css-d-column-column brz-css-11bu9hw\" data-brz-custom-id=\"dpKpn5dnl7vq\">\n<div class=\"brz-column__items brz-css-d-column-bg brz-css-16sbs8w\">\n<div id=\"\" class=\"brz-css-d-wrapper brz-css-1bqs3oa brz-wrapper\">\n<div class=\"brz-image brz-css-d-image-o9ifvkolmk32-parent brz-css-155j48y\" data-brz-custom-id=\"o9IFvKOlMk32\"><img decoding=\"async\" class=\"brz-img\" src=\"https:\/\/anti-doping.me\/mne\/?brizy_media=wp-6530d91132c41142d8e1d1d516580dc7.jpg&amp;brizy_crop=original\" loading=\"lazy\" title=\"\"><\/div>\n<\/div>\n<div id=\"\" class=\"brz-css-d-wrapper brz-css-fhdwqt brz-wrapper\">\n<div class=\"brz-rich-text brz-rich-text__custom brz-css-d-richtext brz-css-dkc0o5\" data-brz-custom-id=\"o24CbHeK_x64\">\n<div data-brz-translate-text=\"1\">\n<p class=\"brz-text-lg-center brz-ft-google brz-fs-lg-20 brz-fss-lg-px brz-fw-lg-400 brz-ls-lg-0 brz-lh-lg-1_7 brz-vfw-lg-400 brz-fwdth-lg-100 brz-fsft-lg-0 brz-tp-lg-empty brz-ff-montserrat brz-css-ktBm5\" data-generated-css=\"brz-css-mtmR5\" data-uniq-id=\"e6sNd\"><span class=\"brz-cp-color3\">Antidoping samoedukacija<\/span><\/p>\n<\/div>\n<\/div>\n<\/div>\n<\/div>\n<\/div>\n<\/div>\n<\/div>\n<\/div>\n<\/div>\n<\/section><\/div>\n<p><!-- version:1772746899 --><\/p>\n","protected":false},"excerpt":{"rendered":"<p>Edukacija U&nbsp;cilju za\u0161tite \u010distog sporta, za\u0161tite zdravlja sportista i njihovog integriteta, edukacija ima esencijalnu ulogu. Preventivni zna\u010daj edukacije u odnosu na ka\u017enjavanje nakon kr\u0161enja antidoping pravila je nesumnjiv. Eti\u010dka komponenta antidoping aktivnosti \u010dini edukativne aktivnosti jo\u0161 zna\u010dajnijim. Ciljne grupe mogu biti predstavnici sportskih saveza, sportisti {me\u0111unarodnog i nacionalnog nivoa}, sportisti RTG, \u010dlanovi prate\u0107ih medicinskih timova,&hellip; <a class=\"more-link\" href=\"https:\/\/anti-doping.me\/mne\/edukacije\/\">Continue reading <span class=\"screen-reader-text\">Edukacije<\/span><\/a><\/p>\n","protected":false},"author":1,"featured_media":0,"parent":0,"menu_order":0,"comment_status":"closed","ping_status":"closed","template":"brizy-blank-template.php","meta":{"footnotes":""},"class_list":["post-364","page","type-page","status-publish","hentry","entry"],"brizy_media":[{"id":371,"url":"https:\/\/anti-doping.me\/wp-content\/uploads\/2025\/10\/concept-medical-education-with-book-stethoscope-1-scaled.jpg","name":"concept-medical-education-with-book-stethoscope-1.jpg","meta":{"brizy_attachment_uid":"wp-ec86aeefbb60e0dba473506300393441.jpg","brizy_post_uid":["cca4795dccdbaa8295248f7c3592a3c2"]}},{"id":373,"url":"https:\/\/anti-doping.me\/wp-content\/uploads\/2025\/10\/ADEL-170x170.jpg.webp","name":"ADEL-170x170.jpg.webp","meta":{"brizy_attachment_uid":"wp-e051feca8f74769bfd00e2ccedbab0fc.webp","brizy_post_uid":["cca4795dccdbaa8295248f7c3592a3c2"]}},{"id":374,"url":"https:\/\/anti-doping.me\/wp-content\/uploads\/2025\/10\/midsection-woman-using-phone-while-sitting-table-scaled.jpg","name":"midsection-woman-using-phone-while-sitting-table.jpg","meta":{"brizy_attachment_uid":"wp-6530d91132c41142d8e1d1d516580dc7.jpg","brizy_post_uid":["cca4795dccdbaa8295248f7c3592a3c2"]}},{"id":1352,"url":"https:\/\/anti-doping.me\/wp-content\/uploads\/2026\/03\/0-02-05-7779e9e6178a607901a7d7a03fd184c729465e69ab34780f06e1d5753302efec_28f89864a86.jpg","name":"0-02-05-7779e9e6178a607901a7d7a03fd184c729465e69ab34780f06e1d5753302efec_28f89864a86.jpg","meta":{"brizy_attachment_uid":"wp-752a2bd92324f79766de38ed1b9c3710.jpg","brizy_post_uid":["cca4795dccdbaa8295248f7c3592a3c2","89430b8812981ba88616c87bf192c83a"]}}],"_links":{"self":[{"href":"https:\/\/anti-doping.me\/mne\/wp-json\/wp\/v2\/pages\/364","targetHints":{"allow":["GET"]}}],"collection":[{"href":"https:\/\/anti-doping.me\/mne\/wp-json\/wp\/v2\/pages"}],"about":[{"href":"https:\/\/anti-doping.me\/mne\/wp-json\/wp\/v2\/types\/page"}],"author":[{"embeddable":true,"href":"https:\/\/anti-doping.me\/mne\/wp-json\/wp\/v2\/users\/1"}],"replies":[{"embeddable":true,"href":"https:\/\/anti-doping.me\/mne\/wp-json\/wp\/v2\/comments?post=364"}],"version-history":[{"count":7,"href":"https:\/\/anti-doping.me\/mne\/wp-json\/wp\/v2\/pages\/364\/revisions"}],"predecessor-version":[{"id":1371,"href":"https:\/\/anti-doping.me\/mne\/wp-json\/wp\/v2\/pages\/364\/revisions\/1371"}],"wp:attachment":[{"href":"https:\/\/anti-doping.me\/mne\/wp-json\/wp\/v2\/media?parent=364"}],"curies":[{"name":"wp","href":"https:\/\/api.w.org\/{rel}","templated":true}]}}