{"id":151,"date":"2025-09-25T01:02:11","date_gmt":"2025-09-25T01:02:11","guid":{"rendered":"https:\/\/anti-doping.me\/?page_id=151"},"modified":"2026-04-01T18:20:35","modified_gmt":"2026-04-01T18:20:35","slug":"kontakt","status":"publish","type":"page","link":"https:\/\/anti-doping.me\/mne\/kontakt\/","title":{"rendered":"Kontakt"},"content":{"rendered":"<div class=\"brz brz-root__container brz-reset-all brz-root__container-page\">\n<section id=\"zWp5aW0rC4Eq_zWp5aW0rC4Eq\" class=\"brz-section brz-css-d-section brz-css-1az94ei\">\n<div class=\"brz-section__content brz-section--boxed brz-css-d-sectionitem-bg brz-css-pi7vlr\" data-brz-custom-id=\"kR1keSq4yKil\">\n<div class=\"brz-bg\">\n<div class=\"brz-bg-image\"><\/div>\n<div class=\"brz-bg-color\"><\/div>\n<\/div>\n<div class=\"brz-container brz-css-d-sectionitem-container brz-css-1ctnuyc\">\n<div id=\"\" class=\"brz-css-d-wrapper brz-css-r-wrapper brz-css-15wwmnv brz-wrapper\">\n<div class=\"brz-spacer brz-css-d-spacer brz-css-1un7pt0\"><\/div>\n<\/div>\n<\/div>\n<\/div>\n<\/section>\n<section id=\"enUirgSWXhif_enUirgSWXhif\" class=\"brz-section brz-css-d-section brz-css-5dx2ly\">\n<div class=\"brz-section__content brz-section--boxed brz-css-d-sectionitem-bg brz-css-139q4gj\" data-brz-custom-id=\"kWSyFgM3YycY\">\n<div class=\"brz-bg\">\n<div class=\"brz-bg-color\"><\/div>\n<\/div>\n<div class=\"brz-container brz-css-d-sectionitem-container brz-css-2q4oxy\">\n<div class=\"brz-row__container brz-css-d-row-row brz-css-1ewt7mz\" data-brz-custom-id=\"sP5GBMEWwdti\">\n<div class=\"brz-row brz-css-d-row-container brz-css-r-row-container brz-css-2g0e\">\n<div class=\"brz-columns brz-css-d-column-column brz-css-8vbayc\" data-brz-custom-id=\"joVPVEDx2gIC\">\n<div class=\"brz-column__items brz-css-d-column-bg brz-css-gh78g0\">\n<div class=\"brz-wrapper-clone brz-flex-xs-wrap brz-css-d-cloneable brz-css-58h6lj\" data-brz-custom-id=\"jXUeJqbMwtIY\">\n<div class=\"brz-icon__container\" data-brz-custom-id=\"f5QsoZswvDCZ\"><span class=\"brz-icon brz-span brz-css-d-icon-icon brz-css-mhhbsa\"><\/span><\/div>\n<\/div>\n<div id=\"\" class=\"brz-css-d-wrapper brz-css-r-wrapper brz-css-17b4nie brz-wrapper\">\n<div class=\"brz-spacer brz-css-d-spacer brz-css-eqhje8\"><\/div>\n<\/div>\n<div id=\"\" class=\"brz-css-d-wrapper brz-css-1dcgeal brz-wrapper\">\n<div class=\"brz-rich-text brz-rich-text__custom brz-css-d-richtext brz-css-d4fqel\" data-brz-custom-id=\"iwmwE2HAMGPp\">\n<div data-brz-translate-text=\"1\">\n<p class=\"brz-text-lg-center brz-fss-lg-px brz-fw-lg-500 brz-ls-lg-0 brz-lh-lg-1_6 brz-vfw-lg-400 brz-fwdth-lg-100 brz-fsft-lg-0 brz-tp-lg-empty brz-ff-montserrat brz-ft-google brz-fs-lg-20 brz-css-s0pJN\" data-uniq-id=\"vckwq\" data-generated-css=\"brz-css-zlDJz\"><a class=\"link--external brz-cp-color7\" href=\"tel:+382 20 665 600\" data-brz-link-type=\"external\" target=\"_blank\" rel=\"noreferrer noopener\">+382 20 665 600<\/a><\/p>\n<\/div>\n<\/div>\n<\/div>\n<\/div>\n<\/div>\n<div class=\"brz-columns brz-css-d-column-column brz-css-1639ven\" data-brz-custom-id=\"onjNT7ZiUIqO\">\n<div class=\"brz-bg\"><\/div>\n<div class=\"brz-column__items brz-css-d-column-bg brz-css-ntf26a\">\n<div class=\"brz-wrapper-clone brz-flex-xs-wrap brz-css-d-cloneable brz-css-ahfh0y\" data-brz-custom-id=\"iFclFIvPVvrO\">\n<div class=\"brz-icon__container\" data-brz-custom-id=\"uFglXcnn7yif\"><span class=\"brz-icon brz-span brz-css-d-icon-icon brz-css-zl5z6u\"><\/span><\/div>\n<\/div>\n<div id=\"\" class=\"brz-css-d-wrapper brz-css-r-wrapper brz-css-1vwrf3e brz-wrapper\">\n<div class=\"brz-spacer brz-css-d-spacer brz-css-1ife0z5\"><\/div>\n<\/div>\n<div id=\"\" class=\"brz-css-d-wrapper brz-css-qgniha brz-wrapper\">\n<div class=\"brz-rich-text brz-rich-text__custom brz-css-d-richtext brz-css-1pbyx60\" data-brz-custom-id=\"tnzPr4tgQZFA\">\n<div data-brz-translate-text=\"1\">\n<p class=\"brz-text-lg-center brz-fss-lg-px brz-fw-lg-500 brz-ls-lg-0 brz-lh-lg-1_6 brz-vfw-lg-400 brz-fwdth-lg-100 brz-fsft-lg-0 brz-tp-lg-empty brz-ff-montserrat brz-ft-google brz-fs-lg-20 brz-css-yAfRB\" data-uniq-id=\"xzZ9r\" data-generated-css=\"brz-css-lOtF2\"><a class=\"link--external brz-cp-color7\" href=\"info@anti-doping.me\" data-brz-link-type=\"external\" target=\"_blank\" rel=\"noreferrer noopener\">info@anti-doping.me<\/a><\/p>\n<\/div>\n<\/div>\n<\/div>\n<\/div>\n<\/div>\n<div class=\"brz-columns brz-css-d-column-column brz-css-139n8ih\" data-brz-custom-id=\"xnXmJaQrhgEY\">\n<div class=\"brz-column__items brz-css-d-column-bg brz-css-b62iaz\">\n<div class=\"brz-wrapper-clone brz-flex-xs-wrap brz-css-d-cloneable brz-css-klwiqs\" data-brz-custom-id=\"xcrIw_y4Pb00\">\n<div class=\"brz-icon__container\" data-brz-custom-id=\"vpmX3te0tK3j\"><span class=\"brz-icon brz-span brz-css-d-icon-icon brz-css-n292jo\"><\/span><\/div>\n<\/div>\n<div id=\"\" class=\"brz-css-d-wrapper brz-css-r-wrapper brz-css-6hfkn0 brz-wrapper\">\n<div class=\"brz-spacer brz-css-d-spacer brz-css-tlpyif\"><\/div>\n<\/div>\n<div id=\"\" class=\"brz-css-d-wrapper brz-css-iuql97 brz-wrapper\">\n<div class=\"brz-rich-text brz-rich-text__custom brz-css-d-richtext brz-css-zxze0q\" data-brz-custom-id=\"fyrsbo4yvKvM\">\n<div data-brz-translate-text=\"1\">\n<p class=\"brz-text-lg-center brz-fss-lg-px brz-fw-lg-500 brz-ls-lg-0 brz-lh-lg-1_6 brz-vfw-lg-400 brz-fwdth-lg-100 brz-fsft-lg-0 brz-tp-lg-empty brz-ff-montserrat brz-ft-google brz-fs-lg-20 brz-css-zCXW2\" data-generated-css=\"brz-css-zYajK\" data-uniq-id=\"e3COb\"><a class=\"link--external brz-cp-color7\" href=\"https:\/\/www.google.com\/maps\/search\/?api=1&amp;query=Ul.+Vaka+\u0110urovi\u0107a+20\/1,+81000+Podgorica,+Crna+Gora\" data-brz-link-type=\"external\" target=\"_blank\" rel=\"noreferrer noopener\">Ul. Vaka \u0110urovi\u0107a 20\/1, 81000 Podgorica, Crna Gora<\/a><\/p>\n<\/div>\n<\/div>\n<\/div>\n<\/div>\n<\/div>\n<\/div>\n<\/div>\n<\/div>\n<\/div>\n<\/section>\n<section id=\"mSREsZ6PVCOe_mSREsZ6PVCOe\" class=\"brz-section brz-css-d-section brz-css-11qkmoo\">\n<div class=\"brz-section__content brz-section--boxed brz-css-d-sectionitem-bg brz-css-1htsnjr\" data-brz-custom-id=\"utn5Xda1XjI8\">\n<div class=\"brz-bg\">\n<div class=\"brz-bg-color\"><\/div>\n<\/div>\n<div class=\"brz-container brz-css-d-sectionitem-container brz-css-wrjz9v\">\n<div id=\"\" class=\"brz-css-d-wrapper brz-css-1brktu7 brz-wrapper\">\n<div class=\"brz-rich-text brz-rich-text__custom brz-css-d-richtext brz-css-12l7y6o\" data-brz-custom-id=\"gghDNxzq7wi_\">\n<div data-brz-translate-text=\"1\">\n<p class=\"brz-text-lg-center brz-tp-lg-empty brz-ff-montserrat brz-ft-google brz-fs-lg-40 brz-fss-lg-px brz-fw-lg-500 brz-ls-lg-m_1_5 brz-lh-lg-1_2 brz-vfw-lg-400 brz-fwdth-lg-100 brz-fsft-lg-0 brz-css-k_lAW\" data-uniq-id=\"y83Ba\" data-generated-css=\"brz-css-mXhgB\"><span class=\"brz-cp-color8\">Za sva va\u0161a pitanja mo\u017eete popuniti formular<\/span><\/p>\n<\/div>\n<\/div>\n<\/div>\n<div id=\"\" class=\"brz-css-d-wrapper brz-css-r-wrapper brz-css-o248x5 brz-wrapper\">\n<div class=\"brz-spacer brz-css-d-spacer brz-css-umumag\"><\/div>\n<\/div>\n<div id=\"\" class=\"brz-css-d-wrapper brz-css-1690w9o brz-wrapper\">\n<div data-brz-form-version=\"2\" class=\"brz-forms2 brz-css-d-form2-form brz-css-1cenwzg\" data-brz-custom-id=\"r5ajRgcgiEhS\">\n<div data-brz-translate-text=\"1\" class=\"brz-forms2__item brz-css-d-form2fields-fields brz-css-1tu4vs2 brz-css-d-form2field-field brz-css-ir072m\"><\/div>\n<div data-brz-translate-text=\"1\" class=\"brz-forms2__item brz-css-d-form2fields-fields brz-css-1tu4vs2 brz-css-d-form2field-field brz-css-ne2s4e\"><\/div>\n<div data-brz-translate-text=\"1\" class=\"brz-forms2__item brz-css-d-form2fields-fields brz-css-1tu4vs2 brz-css-d-form2field-field brz-css-1qxnulw\"><\/div>\n<div data-brz-translate-text=\"1\" class=\"brz-forms2__item brz-css-d-form2fields-fields brz-css-1tu4vs2 brz-css-d-form2field-field brz-css-j7m8pd\"><\/div>\n<div data-brz-translate-text=\"1\" class=\"brz-forms2__item brz-css-d-form2fields-fields brz-css-1tu4vs2 brz-css-d-form2field-field brz-css-9z011w\"><textarea id=\"lLFeW69cPs1P_659aa80754dfb5824829\" name=\"bIErc9xWrLXM\" data-brz-type=\"Paragraph\" data-brz-label=\"Napi\u0161ite poruku\" data-brz-placeholder=\"Napi\u0161ite poruku\" class=\"brz-textarea brz-forms2__field brz-forms2__field-paragraph\"><\/textarea><\/div>\n<div class=\"brz-forms2 brz-forms2__item brz-forms2__item-button\" data-brz-custom-id=\"r5ajRgcgiEhS\"><button class=\"brz-btn brz-btn-submit brz-css-d-button-bg brz-css-1kk21ua\" data-brz-custom-id=\"y_jEJcqURd1F\"><span data-brz-translate-text=\"1\" class=\"brz-span brz-text__editor\">Po\u0161aljite<\/span><\/button><\/div>\n<div class=\"brz-forms2__messages brz-css-d-form2-messages\"><\/div>\n<div class=\"brz-g-recaptcha\" data-sitekey=\"\" data-size=\"invisible\" data-callback=\"brzFormV2Captcha\"><\/div>\n<\/div>\n<\/div>\n<\/div>\n<\/div>\n<\/section><\/div>\n<p><!-- version:1769038992 --><\/p>\n","protected":false},"excerpt":{"rendered":"<p>+382 20 665 600 info@anti-doping.me Ul. Vaka \u0110urovi\u0107a 20\/1, 81000 Podgorica, Crna Gora Za sva va\u0161a pitanja mo\u017eete popuniti formular Po\u0161aljite<\/p>\n","protected":false},"author":1,"featured_media":0,"parent":0,"menu_order":0,"comment_status":"closed","ping_status":"closed","template":"brizy-blank-template.php","meta":{"footnotes":""},"class_list":["post-151","page","type-page","status-publish","hentry","entry"],"brizy_media":[{"id":142,"url":"https:\/\/anti-doping.me\/wp-content\/uploads\/2025\/09\/cropped-hands-scientist-with-test-tube-using-laptop-table-laboratory-scaled.jpg","name":"cropped-hands-scientist-with-test-tube-using-laptop-table-laboratory.jpg","meta":{"brizy_attachment_uid":"wp-86f1ff7cb072a82fd651cb638f754c34.jpg","brizy_post_uid":["cc46349a0bdd7df996aeb0ec16169460","4c8ee8407f59acf9c4c0caafb95b35b1","af5f76cd6cc025baffcfc0a1d5579e95","69ac6f778eb2d78ce14e9e2f9939379e"]}}],"_links":{"self":[{"href":"https:\/\/anti-doping.me\/mne\/wp-json\/wp\/v2\/pages\/151","targetHints":{"allow":["GET"]}}],"collection":[{"href":"https:\/\/anti-doping.me\/mne\/wp-json\/wp\/v2\/pages"}],"about":[{"href":"https:\/\/anti-doping.me\/mne\/wp-json\/wp\/v2\/types\/page"}],"author":[{"embeddable":true,"href":"https:\/\/anti-doping.me\/mne\/wp-json\/wp\/v2\/users\/1"}],"replies":[{"embeddable":true,"href":"https:\/\/anti-doping.me\/mne\/wp-json\/wp\/v2\/comments?post=151"}],"version-history":[{"count":14,"href":"https:\/\/anti-doping.me\/mne\/wp-json\/wp\/v2\/pages\/151\/revisions"}],"predecessor-version":[{"id":957,"href":"https:\/\/anti-doping.me\/mne\/wp-json\/wp\/v2\/pages\/151\/revisions\/957"}],"wp:attachment":[{"href":"https:\/\/anti-doping.me\/mne\/wp-json\/wp\/v2\/media?parent=151"}],"curies":[{"name":"wp","href":"https:\/\/api.w.org\/{rel}","templated":true}]}}